{"id":16051,"date":"2020-06-12T17:05:14","date_gmt":"2020-06-12T17:05:14","guid":{"rendered":"https:\/\/revistaidees.cat\/subscriu-te\/"},"modified":"2024-08-01T14:17:14","modified_gmt":"2024-08-01T12:17:14","slug":"subscribe","status":"publish","type":"page","link":"https:\/\/revistaidees.cat\/en\/subscribe\/","title":{"rendered":"Subscribe"},"content":{"rendered":"<style>\n.g-recaptcha-response {\nvisibility:hidden;\n}<\/p>\n<\/style>\n<p><script src=\"https:\/\/www.google.com\/recaptcha\/api.js\" async defer><\/script><\/p>\n<p><script>\nfunction validateRecaptcha() {\n    var response = grecaptcha.getResponse();\n    if (response.length === 0) {\n        return false;\n    }\n    return true;\n}\n<\/script><\/p>\n<form action=\"https:\/\/revistaidees.cat\/subscriute.php\" method=\"POST\" onsubmit=\"return validateRecaptcha();\">\n<div class=\"subscribe-form\">\n<div class=\"row\">\n<div class=\"col-md-6\">\n<div class=\"form-group\">\n<label for=\"lbl-02\">NAME<\/label><input type=\"text\" id=\"nombre\" name=\"nombre\" value=\"\" required pattern=\"[A-Za-zz\u00e1\u00e3\u00e4\u00e9\u00eb\u00ea\u00ed\u00ee\u00f3\u00f6\u00fa\u00fc\u00f1\u00d1\u00e7\u00c1\u00c9\u00cd\u00d3\u00da\u00e0\u00e8\u00ec\u00f2\u00f9\u00c7\u00dc\u00d6\u00cf ]+\">\n<\/div>\n<p><!-- end form-group -->\n<\/div>\n<div class=\"col-md-6\">\n<div class=\"form-group\">\n<label for=\"lbl-03\">SURNAME<\/label><input type=\"text\" id=\"apellidos\" name=\"apellidos\" value=\"\" required pattern=\"[A-Za-zz\u00e1\u00e3\u00e4\u00e9\u00eb\u00ea\u00ed\u00ee\u00f3\u00f6\u00fa\u00fc\u00f1\u00d1\u00e7\u00c1\u00c9\u00cd\u00d3\u00da\u00e0\u00e8\u00ec\u00f2\u00f9\u00c7\u00dc\u00d6\u00cf ]+\">\n<\/div>\n<p><!-- end form-group -->\n<\/div>\n<\/div>\n<div class=\"row\">\n<div class=\"col-md-6\">\n<div class=\"form-group\">\n<label for=\"lbl-01\">EMAIL<\/label> <input type=\"text\" id=\"email\" name=\"email\" value=\"\" required>\n<\/div>\n<p><!-- end form-group -->\n<\/div>\n<div class=\"col-md-6\">\n<div class=\"form-group\">\n<label for=\"lbl-07\">ORGANIZATION (optional)<\/label> <input type=\"text\" id=\"empresa\" name=\"empresa\" value=\"\">\n<\/div>\n<p><!-- end form-group -->\n<\/div>\n<\/div>\n<p>Data processing:\u00a0The Centre for Contemporary Studies, which belongs to the Government of Catalonia, is the responsible unit for processing and controlling your personal data.<\/p>\n<p>Purpose:\u00a0The purpose for the contacts management is the dissemination and promotion of the contents and activities organized by the Centre for Contemporary Studies. The intended uses are those derived from the dissemination of the IDEES magazine contents and its different monographic editions, as well as the promotion and dissemination of last news, articles, conferences, lectures and any other event or activity organized by the Centre for Contemporary Studies.<\/p>\n<p>Legitimation and recipients:\u00a0Consent of the person concerned. The personal data will not be communicated to third parties.<\/p>\n<p>Rights of the person concerned:\u00a0You may, at any time, request to verify, access, rectify, delete, transfer and object to the use of your data, as well as request the limitation of such use of your data. To do so, simply send an email to the Data Protection Delegate email address: <a href=\"mailto:protecciodades.exteriors@gencat.cat\">protecciodades.exteriors@gencat.cat<\/a>. You can also submit a letter addressed to the Centre for Contemporary Studies (postal address: Tapineria Street, 10, 08002 Barcelona) or send an email to\u00a0<a href=\"mailto:cetc.exteriors@gencat.cat\">cetc.exteriors@gencat.cat<\/a>.<\/p>\n<p>Additional information:\u00a0for further details, you can check the contact description page of the Centre for Contemporary Studies, available at\u00a0the Department of Foreign Affairs, Institutional Relations and Transparency website.<\/p>\n<p><input type=\"hidden\" value=\"EN\" name=\"idiomapagina\" id=\"idiomapagina\"><\/p>\n<p><label class=\"check-item2\"><br \/>\n<input type=\"checkbox\" id=\"checkpolitica\" name=\"checkpolitica\" required> I accept the privacy policy and data treatment mentioned.<br \/>\n<\/label><!-- end check-item --><\/p>\n<p><label class=\"check-item2\"><br \/>\n<input type=\"checkbox\" id=\"checkinformacio\" name=\"checkinformacio\"> I agree to receive information related to the CENTRE D\u2019ESTUDIS DE TEMES CONTEMPORANIS (CETC) and the REVISTA IDEES.<br \/>\n<\/label><!-- end check-item --><\/p>\n<div class=\"btn-row2\">\n<div id=\"recaptcha\" class=\"g-recaptcha\" data-sitekey=\"6LeaMB0qAAAAANDT4-66EJunnmYNEA1Oi_FuYXwp\" data-callback=\"onCompleted\"><\/div>\n<p>\n<span><input type=\"submit\" style=\"margin-top: 25px;\" value=\"SUBSCRIBE ME\"><\/span>\n<\/div>\n<p><!-- end btn-row -->\n<\/div>\n<\/form>\n","protected":false},"excerpt":{"rendered":"<p>NAME SURNAME EMAIL ORGANIZATION (optional) Data processing:\u00a0The Centre for Contemporary Studies, which belongs to the Government of Catalonia, is the responsible unit for processing and controlling your personal data. Purpose:\u00a0The purpose for the contacts management is the dissemination and promotion of the contents and activities organized by the Centre for Contemporary Studies. The intended uses are those derived from the dissemination of the IDEES magazine contents and its different monographic editions, as well as the promotion and dissemination of last news, articles, conferences, lectures and any other event or activity organized by the Centre for Contemporary Studies. Legitimation and recipients:\u00a0Consent\u2026<\/p>\n","protected":false},"author":2,"featured_media":0,"parent":0,"menu_order":0,"comment_status":"closed","ping_status":"closed","template":"","meta":{"_acf_changed":false,"inline_featured_image":false,"footnotes":""},"class_list":["post-16051","page","type-page","status-publish","hentry"],"acf":[],"yoast_head":"<!-- This site is optimized with the Yoast SEO plugin v27.2 - https:\/\/yoast.com\/product\/yoast-seo-wordpress\/ -->\n<title>Subscribe &#8211; IDEES<\/title>\n<meta name=\"robots\" content=\"index, follow, max-snippet:-1, max-image-preview:large, max-video-preview:-1\" \/>\n<link rel=\"canonical\" href=\"https:\/\/revistaidees.cat\/en\/subscribe\/\" \/>\n<meta property=\"og:locale\" content=\"en_US\" \/>\n<meta property=\"og:type\" content=\"article\" \/>\n<meta property=\"og:title\" content=\"Subscribe &#8211; IDEES\" \/>\n<meta property=\"og:description\" content=\"NAME SURNAME EMAIL ORGANIZATION (optional) Data processing:\u00a0The Centre for Contemporary Studies, which belongs to the Government of Catalonia, is the responsible unit for processing and controlling your personal data. Purpose:\u00a0The purpose for the contacts management is the dissemination and promotion of the contents and activities organized by the Centre for Contemporary Studies. The intended uses are those derived from the dissemination of the IDEES magazine contents and its different monographic editions, as well as the promotion and dissemination of last news, articles, conferences, lectures and any other event or activity organized by the Centre for Contemporary Studies. Legitimation and recipients:\u00a0Consent\u2026\" \/>\n<meta property=\"og:url\" content=\"https:\/\/revistaidees.cat\/en\/subscribe\/\" \/>\n<meta property=\"og:site_name\" content=\"IDEES\" \/>\n<meta property=\"article:modified_time\" content=\"2024-08-01T12:17:14+00:00\" \/>\n<meta name=\"twitter:card\" content=\"summary_large_image\" \/>\n<meta name=\"twitter:label1\" content=\"Est. reading time\" \/>\n\t<meta name=\"twitter:data1\" content=\"2 minutes\" \/>\n<script type=\"application\/ld+json\" class=\"yoast-schema-graph\">{\"@context\":\"https:\/\/schema.org\",\"@graph\":[{\"@type\":\"WebPage\",\"@id\":\"https:\/\/revistaidees.cat\/en\/subscribe\/\",\"url\":\"https:\/\/revistaidees.cat\/en\/subscribe\/\",\"name\":\"Subscribe &#8211; IDEES\",\"isPartOf\":{\"@id\":\"https:\/\/revistaidees.cat\/#website\"},\"datePublished\":\"2020-06-12T17:05:14+00:00\",\"dateModified\":\"2024-08-01T12:17:14+00:00\",\"breadcrumb\":{\"@id\":\"https:\/\/revistaidees.cat\/en\/subscribe\/#breadcrumb\"},\"inLanguage\":\"en-US\",\"potentialAction\":[{\"@type\":\"ReadAction\",\"target\":[\"https:\/\/revistaidees.cat\/en\/subscribe\/\"]}]},{\"@type\":\"BreadcrumbList\",\"@id\":\"https:\/\/revistaidees.cat\/en\/subscribe\/#breadcrumb\",\"itemListElement\":[{\"@type\":\"ListItem\",\"position\":1,\"name\":\"Inici\",\"item\":\"https:\/\/revistaidees.cat\/en\/\"},{\"@type\":\"ListItem\",\"position\":2,\"name\":\"Subscribe\"}]},{\"@type\":\"WebSite\",\"@id\":\"https:\/\/revistaidees.cat\/#website\",\"url\":\"https:\/\/revistaidees.cat\/\",\"name\":\"IDEES\",\"description\":\"Contemporary global issues\",\"potentialAction\":[{\"@type\":\"SearchAction\",\"target\":{\"@type\":\"EntryPoint\",\"urlTemplate\":\"https:\/\/revistaidees.cat\/?s={search_term_string}\"},\"query-input\":{\"@type\":\"PropertyValueSpecification\",\"valueRequired\":true,\"valueName\":\"search_term_string\"}}],\"inLanguage\":\"en-US\"}]}<\/script>\n<!-- \/ Yoast SEO plugin. -->","yoast_head_json":{"title":"Subscribe &#8211; IDEES","robots":{"index":"index","follow":"follow","max-snippet":"max-snippet:-1","max-image-preview":"max-image-preview:large","max-video-preview":"max-video-preview:-1"},"canonical":"https:\/\/revistaidees.cat\/en\/subscribe\/","og_locale":"en_US","og_type":"article","og_title":"Subscribe &#8211; IDEES","og_description":"NAME SURNAME EMAIL ORGANIZATION (optional) Data processing:\u00a0The Centre for Contemporary Studies, which belongs to the Government of Catalonia, is the responsible unit for processing and controlling your personal data. Purpose:\u00a0The purpose for the contacts management is the dissemination and promotion of the contents and activities organized by the Centre for Contemporary Studies. The intended uses are those derived from the dissemination of the IDEES magazine contents and its different monographic editions, as well as the promotion and dissemination of last news, articles, conferences, lectures and any other event or activity organized by the Centre for Contemporary Studies. Legitimation and recipients:\u00a0Consent\u2026","og_url":"https:\/\/revistaidees.cat\/en\/subscribe\/","og_site_name":"IDEES","article_modified_time":"2024-08-01T12:17:14+00:00","twitter_card":"summary_large_image","twitter_misc":{"Est. reading time":"2 minutes"},"schema":{"@context":"https:\/\/schema.org","@graph":[{"@type":"WebPage","@id":"https:\/\/revistaidees.cat\/en\/subscribe\/","url":"https:\/\/revistaidees.cat\/en\/subscribe\/","name":"Subscribe &#8211; IDEES","isPartOf":{"@id":"https:\/\/revistaidees.cat\/#website"},"datePublished":"2020-06-12T17:05:14+00:00","dateModified":"2024-08-01T12:17:14+00:00","breadcrumb":{"@id":"https:\/\/revistaidees.cat\/en\/subscribe\/#breadcrumb"},"inLanguage":"en-US","potentialAction":[{"@type":"ReadAction","target":["https:\/\/revistaidees.cat\/en\/subscribe\/"]}]},{"@type":"BreadcrumbList","@id":"https:\/\/revistaidees.cat\/en\/subscribe\/#breadcrumb","itemListElement":[{"@type":"ListItem","position":1,"name":"Inici","item":"https:\/\/revistaidees.cat\/en\/"},{"@type":"ListItem","position":2,"name":"Subscribe"}]},{"@type":"WebSite","@id":"https:\/\/revistaidees.cat\/#website","url":"https:\/\/revistaidees.cat\/","name":"IDEES","description":"Contemporary global issues","potentialAction":[{"@type":"SearchAction","target":{"@type":"EntryPoint","urlTemplate":"https:\/\/revistaidees.cat\/?s={search_term_string}"},"query-input":{"@type":"PropertyValueSpecification","valueRequired":true,"valueName":"search_term_string"}}],"inLanguage":"en-US"}]}},"jetpack_sharing_enabled":true,"_links":{"self":[{"href":"https:\/\/revistaidees.cat\/en\/wp-json\/wp\/v2\/pages\/16051","targetHints":{"allow":["GET"]}}],"collection":[{"href":"https:\/\/revistaidees.cat\/en\/wp-json\/wp\/v2\/pages"}],"about":[{"href":"https:\/\/revistaidees.cat\/en\/wp-json\/wp\/v2\/types\/page"}],"author":[{"embeddable":true,"href":"https:\/\/revistaidees.cat\/en\/wp-json\/wp\/v2\/users\/2"}],"replies":[{"embeddable":true,"href":"https:\/\/revistaidees.cat\/en\/wp-json\/wp\/v2\/comments?post=16051"}],"version-history":[{"count":5,"href":"https:\/\/revistaidees.cat\/en\/wp-json\/wp\/v2\/pages\/16051\/revisions"}],"predecessor-version":[{"id":76544,"href":"https:\/\/revistaidees.cat\/en\/wp-json\/wp\/v2\/pages\/16051\/revisions\/76544"}],"wp:attachment":[{"href":"https:\/\/revistaidees.cat\/en\/wp-json\/wp\/v2\/media?parent=16051"}],"curies":[{"name":"wp","href":"https:\/\/api.w.org\/{rel}","templated":true}]}}