{"id":1270,"date":"2019-11-27T08:46:19","date_gmt":"2019-11-27T08:46:19","guid":{"rendered":"https:\/\/revistaidees.cat\/sobre-idees\/"},"modified":"2023-01-24T13:01:13","modified_gmt":"2023-01-24T11:01:13","slug":"sobre-idees","status":"publish","type":"page","link":"https:\/\/revistaidees.cat\/es\/sobre-idees\/","title":{"rendered":"Sobre IDEES"},"content":{"rendered":"\n<p>La revista IDEES\u00a0es la\u00a0publicaci\u00f3n de pensamiento contempor\u00e1neo\u00a0que edita el <a href=\"https:\/\/exteriors.gencat.cat\/ca\/ambits-dactuacio\/temes-contemporanis\/\" target=\"_blank\" rel=\"noreferrer noopener\">Centro de Estudios de Temas Contempor\u00e1neos<\/a> de la\u00a0Generalitat de Catalunya. La revista\u00a0IDEES\u00a0analiza en profundidad los principales retos y debates globales y contempor\u00e1neos a trav\u00e9s de la perspectiva de personas expertas y de referencia en las diferentes materias.<\/p>\n\n\n\n<p>A partir de los dossieres monogr\u00e1ficos, art\u00edculos y conferencias, la revista IDEES busca ofrecer una mirada amplia y poli\u00e9drica de los principales temas relevantes para Catalu\u00f1a, Europea y el mundo. El objetivo es contribuir al debate p\u00fablico para una democracia deliberativa de calidad, aportando contenidos, diagnosis y propuestas que sirvan para informar al gobierno de la Generalitat e interpelar a la ciudadan\u00eda.<\/p>\n\n\n\n<p>Publicada por primera vez en 1999 y con un total de 44 ediciones en papel, la renovaci\u00f3n digital de la revista pretende abrir una nueva etapa que permita consolidar su trayectoria y aumentar su alcance y proyecci\u00f3n gracias a la publicaci\u00f3n digital de sus contenidos en tres idiomas \u2014catal\u00e1n, castellano e inlg\u00e9s\u2014. Las ediciones anteriores, publicadas en papel, estar\u00e1n disponibles pr\u00f3ximamente en formato digital.<\/p>\n\n\n\n<p>Todas las contribuciones que publica la revista\u00a0IDEES\u00a0tienen el objetivo de enriquecer el debate global y aportar enfoques diversos sobre la tem\u00e1tica que analizan. Su publicaci\u00f3n, pues, no implica necesariamente que estas visiones sean representativas del posicionamiento del Centro de Estudios de Temas Contempor\u00e1neos ni de la Generalitat de Catalunya.<\/p>\n","protected":false},"excerpt":{"rendered":"<p>La revista IDEES\u00a0es la\u00a0publicaci\u00f3n de pensamiento contempor\u00e1neo\u00a0que edita el Centro de Estudios de Temas Contempor\u00e1neos de la\u00a0Generalitat de Catalunya. La revista\u00a0IDEES\u00a0analiza en profundidad los principales retos y debates globales y contempor\u00e1neos a trav\u00e9s de la perspectiva de personas expertas y de referencia en las diferentes materias. A partir de los dossieres monogr\u00e1ficos, art\u00edculos y conferencias, la revista IDEES busca ofrecer una mirada amplia y poli\u00e9drica de los principales temas relevantes para Catalu\u00f1a, Europea y el mundo. El objetivo es contribuir al debate p\u00fablico para una democracia deliberativa de calidad, aportando contenidos, diagnosis y propuestas que sirvan para informar al gobierno\u2026<\/p>\n","protected":false},"author":2,"featured_media":0,"parent":0,"menu_order":0,"comment_status":"closed","ping_status":"closed","template":"","meta":{"_acf_changed":false,"inline_featured_image":false,"footnotes":""},"class_list":["post-1270","page","type-page","status-publish","hentry"],"acf":[],"yoast_head":"<!-- This site is optimized with the Yoast SEO plugin v27.3 - https:\/\/yoast.com\/product\/yoast-seo-wordpress\/ -->\n<title>Sobre IDEES &#8211; IDEES<\/title>\n<meta name=\"robots\" content=\"index, follow, max-snippet:-1, max-image-preview:large, max-video-preview:-1\" \/>\n<link rel=\"canonical\" href=\"https:\/\/revistaidees.cat\/es\/sobre-idees\/\" \/>\n<meta property=\"og:locale\" content=\"es_ES\" \/>\n<meta property=\"og:type\" content=\"article\" \/>\n<meta property=\"og:title\" content=\"Sobre IDEES &#8211; IDEES\" \/>\n<meta property=\"og:description\" content=\"La revista IDEES\u00a0es la\u00a0publicaci\u00f3n de pensamiento contempor\u00e1neo\u00a0que edita el Centro de Estudios de Temas Contempor\u00e1neos de la\u00a0Generalitat de Catalunya. La revista\u00a0IDEES\u00a0analiza en profundidad los principales retos y debates globales y contempor\u00e1neos a trav\u00e9s de la perspectiva de personas expertas y de referencia en las diferentes materias. A partir de los dossieres monogr\u00e1ficos, art\u00edculos y conferencias, la revista IDEES busca ofrecer una mirada amplia y poli\u00e9drica de los principales temas relevantes para Catalu\u00f1a, Europea y el mundo. El objetivo es contribuir al debate p\u00fablico para una democracia deliberativa de calidad, aportando contenidos, diagnosis y propuestas que sirvan para informar al gobierno\u2026\" \/>\n<meta property=\"og:url\" content=\"https:\/\/revistaidees.cat\/es\/sobre-idees\/\" \/>\n<meta property=\"og:site_name\" content=\"IDEES\" \/>\n<meta property=\"article:modified_time\" content=\"2023-01-24T11:01:13+00:00\" \/>\n<meta name=\"twitter:card\" content=\"summary_large_image\" \/>\n<meta name=\"twitter:label1\" content=\"Tiempo de lectura\" \/>\n\t<meta name=\"twitter:data1\" content=\"2 minutos\" \/>\n<script type=\"application\/ld+json\" class=\"yoast-schema-graph\">{\"@context\":\"https:\\\/\\\/schema.org\",\"@graph\":[{\"@type\":\"WebPage\",\"@id\":\"https:\\\/\\\/revistaidees.cat\\\/es\\\/sobre-idees\\\/\",\"url\":\"https:\\\/\\\/revistaidees.cat\\\/es\\\/sobre-idees\\\/\",\"name\":\"Sobre IDEES &#8211; IDEES\",\"isPartOf\":{\"@id\":\"https:\\\/\\\/revistaidees.cat\\\/#website\"},\"datePublished\":\"2019-11-27T08:46:19+00:00\",\"dateModified\":\"2023-01-24T11:01:13+00:00\",\"breadcrumb\":{\"@id\":\"https:\\\/\\\/revistaidees.cat\\\/es\\\/sobre-idees\\\/#breadcrumb\"},\"inLanguage\":\"es\",\"potentialAction\":[{\"@type\":\"ReadAction\",\"target\":[\"https:\\\/\\\/revistaidees.cat\\\/es\\\/sobre-idees\\\/\"]}]},{\"@type\":\"BreadcrumbList\",\"@id\":\"https:\\\/\\\/revistaidees.cat\\\/es\\\/sobre-idees\\\/#breadcrumb\",\"itemListElement\":[{\"@type\":\"ListItem\",\"position\":1,\"name\":\"Inici\",\"item\":\"https:\\\/\\\/revistaidees.cat\\\/es\\\/\"},{\"@type\":\"ListItem\",\"position\":2,\"name\":\"Sobre IDEES\"}]},{\"@type\":\"WebSite\",\"@id\":\"https:\\\/\\\/revistaidees.cat\\\/#website\",\"url\":\"https:\\\/\\\/revistaidees.cat\\\/\",\"name\":\"IDEES\",\"description\":\"Revista de temas contempor\u00e1neos\",\"potentialAction\":[{\"@type\":\"SearchAction\",\"target\":{\"@type\":\"EntryPoint\",\"urlTemplate\":\"https:\\\/\\\/revistaidees.cat\\\/?s={search_term_string}\"},\"query-input\":{\"@type\":\"PropertyValueSpecification\",\"valueRequired\":true,\"valueName\":\"search_term_string\"}}],\"inLanguage\":\"es\"}]}<\/script>\n<!-- \/ Yoast SEO plugin. -->","yoast_head_json":{"title":"Sobre IDEES &#8211; IDEES","robots":{"index":"index","follow":"follow","max-snippet":"max-snippet:-1","max-image-preview":"max-image-preview:large","max-video-preview":"max-video-preview:-1"},"canonical":"https:\/\/revistaidees.cat\/es\/sobre-idees\/","og_locale":"es_ES","og_type":"article","og_title":"Sobre IDEES &#8211; IDEES","og_description":"La revista IDEES\u00a0es la\u00a0publicaci\u00f3n de pensamiento contempor\u00e1neo\u00a0que edita el Centro de Estudios de Temas Contempor\u00e1neos de la\u00a0Generalitat de Catalunya. La revista\u00a0IDEES\u00a0analiza en profundidad los principales retos y debates globales y contempor\u00e1neos a trav\u00e9s de la perspectiva de personas expertas y de referencia en las diferentes materias. A partir de los dossieres monogr\u00e1ficos, art\u00edculos y conferencias, la revista IDEES busca ofrecer una mirada amplia y poli\u00e9drica de los principales temas relevantes para Catalu\u00f1a, Europea y el mundo. El objetivo es contribuir al debate p\u00fablico para una democracia deliberativa de calidad, aportando contenidos, diagnosis y propuestas que sirvan para informar al gobierno\u2026","og_url":"https:\/\/revistaidees.cat\/es\/sobre-idees\/","og_site_name":"IDEES","article_modified_time":"2023-01-24T11:01:13+00:00","twitter_card":"summary_large_image","twitter_misc":{"Tiempo de lectura":"2 minutos"},"schema":{"@context":"https:\/\/schema.org","@graph":[{"@type":"WebPage","@id":"https:\/\/revistaidees.cat\/es\/sobre-idees\/","url":"https:\/\/revistaidees.cat\/es\/sobre-idees\/","name":"Sobre IDEES &#8211; IDEES","isPartOf":{"@id":"https:\/\/revistaidees.cat\/#website"},"datePublished":"2019-11-27T08:46:19+00:00","dateModified":"2023-01-24T11:01:13+00:00","breadcrumb":{"@id":"https:\/\/revistaidees.cat\/es\/sobre-idees\/#breadcrumb"},"inLanguage":"es","potentialAction":[{"@type":"ReadAction","target":["https:\/\/revistaidees.cat\/es\/sobre-idees\/"]}]},{"@type":"BreadcrumbList","@id":"https:\/\/revistaidees.cat\/es\/sobre-idees\/#breadcrumb","itemListElement":[{"@type":"ListItem","position":1,"name":"Inici","item":"https:\/\/revistaidees.cat\/es\/"},{"@type":"ListItem","position":2,"name":"Sobre IDEES"}]},{"@type":"WebSite","@id":"https:\/\/revistaidees.cat\/#website","url":"https:\/\/revistaidees.cat\/","name":"IDEES","description":"Revista de temas contempor\u00e1neos","potentialAction":[{"@type":"SearchAction","target":{"@type":"EntryPoint","urlTemplate":"https:\/\/revistaidees.cat\/?s={search_term_string}"},"query-input":{"@type":"PropertyValueSpecification","valueRequired":true,"valueName":"search_term_string"}}],"inLanguage":"es"}]}},"jetpack_sharing_enabled":true,"_links":{"self":[{"href":"https:\/\/revistaidees.cat\/es\/wp-json\/wp\/v2\/pages\/1270","targetHints":{"allow":["GET"]}}],"collection":[{"href":"https:\/\/revistaidees.cat\/es\/wp-json\/wp\/v2\/pages"}],"about":[{"href":"https:\/\/revistaidees.cat\/es\/wp-json\/wp\/v2\/types\/page"}],"author":[{"embeddable":true,"href":"https:\/\/revistaidees.cat\/es\/wp-json\/wp\/v2\/users\/2"}],"replies":[{"embeddable":true,"href":"https:\/\/revistaidees.cat\/es\/wp-json\/wp\/v2\/comments?post=1270"}],"version-history":[{"count":3,"href":"https:\/\/revistaidees.cat\/es\/wp-json\/wp\/v2\/pages\/1270\/revisions"}],"predecessor-version":[{"id":61209,"href":"https:\/\/revistaidees.cat\/es\/wp-json\/wp\/v2\/pages\/1270\/revisions\/61209"}],"wp:attachment":[{"href":"https:\/\/revistaidees.cat\/es\/wp-json\/wp\/v2\/media?parent=1270"}],"curies":[{"name":"wp","href":"https:\/\/api.w.org\/{rel}","templated":true}]}}