{"id":16052,"date":"2020-06-12T17:05:14","date_gmt":"2020-06-12T17:05:14","guid":{"rendered":"https:\/\/revistaidees.cat\/subscriu-te\/"},"modified":"2024-08-01T14:18:30","modified_gmt":"2024-08-01T12:18:30","slug":"subscriu-te","status":"publish","type":"page","link":"https:\/\/revistaidees.cat\/es\/subscriu-te\/","title":{"rendered":"Suscr\u00edbete"},"content":{"rendered":"<style>\n.g-recaptcha-response {\nvisibility:hidden;\n}<\/p>\n<\/style>\n<p><script src=\"https:\/\/www.google.com\/recaptcha\/api.js\" async defer><\/script><\/p>\n<p><script>\nfunction validateRecaptcha() {\n    var response = grecaptcha.getResponse();\n    if (response.length === 0) {\n        return false;\n    }\n    return true;\n}\n<\/script><\/p>\n<form action=\"https:\/\/revistaidees.cat\/subscriute.php\" method=\"POST\" onsubmit=\"return validateRecaptcha();\">\n<div class=\"subscribe-form\">\n<div class=\"row\">\n<div class=\"col-md-6\">\n<div class=\"form-group\">\n<label for=\"lbl-02\">NOMBRE<\/label><input type=\"text\" id=\"nombre\" name=\"nombre\" value=\"\" required pattern=\"[A-Za-zz\u00e1\u00e3\u00e4\u00e9\u00eb\u00ea\u00ed\u00ee\u00f3\u00f6\u00fa\u00fc\u00f1\u00d1\u00e7\u00c1\u00c9\u00cd\u00d3\u00da\u00e0\u00e8\u00ec\u00f2\u00f9\u00c7\u00dc\u00d6\u00cf ]+\">\n<\/div>\n<p><!-- end form-group -->\n<\/div>\n<div class=\"col-md-6\">\n<div class=\"form-group\">\n<label for=\"lbl-03\">APELLIDOS<\/label><input type=\"text\" id=\"apellidos\" name=\"apellidos\" value=\"\" required pattern=\"[A-Za-zz\u00e1\u00e3\u00e4\u00e9\u00eb\u00ea\u00ed\u00ee\u00f3\u00f6\u00fa\u00fc\u00f1\u00d1\u00e7\u00c1\u00c9\u00cd\u00d3\u00da\u00e0\u00e8\u00ec\u00f2\u00f9\u00c7\u00dc\u00d6\u00cf ]+\">\n<\/div>\n<p><!-- end form-group -->\n<\/div>\n<\/div>\n<div class=\"row\">\n<div class=\"col-md-6\">\n<div class=\"form-group\">\n<label for=\"lbl-01\">CORREO ELECTR\u00d3NICO<\/label> <input type=\"text\" id=\"email\" name=\"email\" value=\"\" required>\n<\/div>\n<p><!-- end form-group -->\n<\/div>\n<div class=\"col-md-6\">\n<div class=\"form-group\">\n<label for=\"lbl-07\">ORGANIZACI\u00d3N (opcional)<\/label> <input type=\"text\" id=\"empresa\" name=\"empresa\" value=\"\">\n<\/div>\n<p><!-- end form-group -->\n<\/div>\n<\/div>\n<p>Tratamiento de los datos:\u00a0El responsable del tratamiento de los datos es el Centro de Estudios de Temas Contempor\u00e1neos, unidad del Departamento de Acci\u00f3n Exterior, Relaciones Institucionales y Transparencia de la Generalitat de Catalunya.<\/p>\n<p>Finalidad:\u00a0Gesti\u00f3n de los contactos para la difusi\u00f3n y promoci\u00f3n de los contenidos y actividades del Centro de Estudis de Temas Contempor\u00e1neos. Los usos previstos son los derivados de la difusi\u00f3n de los contenidos de la revista IDEES y sus diferentes ediciones monogr\u00e1ficas, as\u00ed como novedades informativas, promoci\u00f3n y difusi\u00f3n de jornadas, ponencias, conferencias, publicaciones y cualquier otro acto o actividad organizada por el CETC.<\/p>\n<p>Legitimaci\u00f3n y destinatarios:\u00a0Consentimiento de la persona interesada. No se prev\u00e9 la cesi\u00f3n de los datos.<\/p>\n<p>Derechos de las personas interesadas:\u00a0Pod\u00e9is ejercer los derechos de acceso a los datos personales, rectificaci\u00f3n, supresi\u00f3n, oposici\u00f3n al tratamiento y solicitud de limitaci\u00f3n mediante la presentaci\u00f3n de un escrito dirigido al Centro de Estudios de Temas Contempor\u00e1neos (C \/ Tapineria, 10, 08002 Barcelona), a trav\u00e9s del buz\u00f3n de la delegada de protecci\u00f3n de datos del Departamento (<a href=\"protecciodades.exteriors@gencat.cat\">protecciodades.exteriors@gencat.cat<\/a>) o mediante la petici\u00f3n gen\u00e9rica disponible en tr\u00e1mites gencat.<\/p>\n<p>Informaci\u00f3n adicional:\u00a0Para ampliar esta informaci\u00f3n y conocer los detalles, puede consultar la ficha con la descripci\u00f3n del tratamiento de contactos del Centro de Estudios de Temas Contempor\u00e1neos, disponible en la web del Departamento de Acci\u00f3n Exterior, Relaciones Institucionales y Transparencia.<\/p>\n<p><input type=\"hidden\" value=\"ES\" name=\"idiomapagina\" id=\"idiomapagina\"><\/p>\n<p><label class=\"check-item2\"><br \/>\n<input type=\"checkbox\" id=\"checkpolitica\" name=\"checkpolitica\" required> Acepto la pol\u00edtica de privacidad y el tratamiento de datos mencionado.<br \/>\n<\/label><!-- end check-item --><\/p>\n<p><label class=\"check-item2\"><br \/>\n<input type=\"checkbox\" id=\"checkinformacio\" name=\"checkinformacio\"> Acepto recibir informaci\u00f3n relacionada con el CENTRE D\u2019ESTUDIS DE TEMES CONTEMPORANIS (CETC) y la REVISTA IDEES.<br \/>\n<\/label><!-- end check-item --><\/p>\n<div id=\"recaptcha\" class=\"g-recaptcha\" data-sitekey=\"6LeaMB0qAAAAANDT4-66EJunnmYNEA1Oi_FuYXwp\" data-callback=\"onCompleted\"><\/div>\n<div class=\"btn-row2\">\n<span><input type=\"submit\" style=\"margin-top: 25px;\" value=\"SUSCRIBIRME\"><\/span>\n<\/div>\n<p><!-- end btn-row -->\n<\/div>\n<\/form>\n","protected":false},"excerpt":{"rendered":"<p>NOMBRE APELLIDOS CORREO ELECTR\u00d3NICO ORGANIZACI\u00d3N (opcional) Tratamiento de los datos:\u00a0El responsable del tratamiento de los datos es el Centro de Estudios de Temas Contempor\u00e1neos, unidad del Departamento de Acci\u00f3n Exterior, Relaciones Institucionales y Transparencia de la Generalitat de Catalunya. Finalidad:\u00a0Gesti\u00f3n de los contactos para la difusi\u00f3n y promoci\u00f3n de los contenidos y actividades del Centro de Estudis de Temas Contempor\u00e1neos. Los usos previstos son los derivados de la difusi\u00f3n de los contenidos de la revista IDEES y sus diferentes ediciones monogr\u00e1ficas, as\u00ed como novedades informativas, promoci\u00f3n y difusi\u00f3n de jornadas, ponencias, conferencias, publicaciones y cualquier otro acto o actividad organizada\u2026<\/p>\n","protected":false},"author":2,"featured_media":0,"parent":0,"menu_order":0,"comment_status":"closed","ping_status":"closed","template":"","meta":{"_acf_changed":false,"inline_featured_image":false,"footnotes":""},"class_list":["post-16052","page","type-page","status-publish","hentry"],"acf":[],"yoast_head":"<!-- This site is optimized with the Yoast SEO plugin v27.4 - https:\/\/yoast.com\/product\/yoast-seo-wordpress\/ -->\n<title>Suscr\u00edbete &#8211; IDEES<\/title>\n<meta name=\"robots\" content=\"index, follow, max-snippet:-1, max-image-preview:large, max-video-preview:-1\" \/>\n<link rel=\"canonical\" href=\"https:\/\/revistaidees.cat\/es\/subscriu-te\/\" \/>\n<meta property=\"og:locale\" content=\"es_ES\" \/>\n<meta property=\"og:type\" content=\"article\" \/>\n<meta property=\"og:title\" content=\"Suscr\u00edbete &#8211; IDEES\" \/>\n<meta property=\"og:description\" content=\"NOMBRE APELLIDOS CORREO ELECTR\u00d3NICO ORGANIZACI\u00d3N (opcional) Tratamiento de los datos:\u00a0El responsable del tratamiento de los datos es el Centro de Estudios de Temas Contempor\u00e1neos, unidad del Departamento de Acci\u00f3n Exterior, Relaciones Institucionales y Transparencia de la Generalitat de Catalunya. Finalidad:\u00a0Gesti\u00f3n de los contactos para la difusi\u00f3n y promoci\u00f3n de los contenidos y actividades del Centro de Estudis de Temas Contempor\u00e1neos. Los usos previstos son los derivados de la difusi\u00f3n de los contenidos de la revista IDEES y sus diferentes ediciones monogr\u00e1ficas, as\u00ed como novedades informativas, promoci\u00f3n y difusi\u00f3n de jornadas, ponencias, conferencias, publicaciones y cualquier otro acto o actividad organizada\u2026\" \/>\n<meta property=\"og:url\" content=\"https:\/\/revistaidees.cat\/es\/subscriu-te\/\" \/>\n<meta property=\"og:site_name\" content=\"IDEES\" \/>\n<meta property=\"article:modified_time\" content=\"2024-08-01T12:18:30+00:00\" \/>\n<meta name=\"twitter:card\" content=\"summary_large_image\" \/>\n<meta name=\"twitter:label1\" content=\"Tiempo de lectura\" \/>\n\t<meta name=\"twitter:data1\" content=\"2 minutos\" \/>\n<script type=\"application\/ld+json\" class=\"yoast-schema-graph\">{\"@context\":\"https:\\\/\\\/schema.org\",\"@graph\":[{\"@type\":\"WebPage\",\"@id\":\"https:\\\/\\\/revistaidees.cat\\\/es\\\/subscriu-te\\\/\",\"url\":\"https:\\\/\\\/revistaidees.cat\\\/es\\\/subscriu-te\\\/\",\"name\":\"Suscr\u00edbete &#8211; IDEES\",\"isPartOf\":{\"@id\":\"https:\\\/\\\/revistaidees.cat\\\/#website\"},\"datePublished\":\"2020-06-12T17:05:14+00:00\",\"dateModified\":\"2024-08-01T12:18:30+00:00\",\"breadcrumb\":{\"@id\":\"https:\\\/\\\/revistaidees.cat\\\/es\\\/subscriu-te\\\/#breadcrumb\"},\"inLanguage\":\"es\",\"potentialAction\":[{\"@type\":\"ReadAction\",\"target\":[\"https:\\\/\\\/revistaidees.cat\\\/es\\\/subscriu-te\\\/\"]}]},{\"@type\":\"BreadcrumbList\",\"@id\":\"https:\\\/\\\/revistaidees.cat\\\/es\\\/subscriu-te\\\/#breadcrumb\",\"itemListElement\":[{\"@type\":\"ListItem\",\"position\":1,\"name\":\"Inici\",\"item\":\"https:\\\/\\\/revistaidees.cat\\\/es\\\/\"},{\"@type\":\"ListItem\",\"position\":2,\"name\":\"Suscr\u00edbete\"}]},{\"@type\":\"WebSite\",\"@id\":\"https:\\\/\\\/revistaidees.cat\\\/#website\",\"url\":\"https:\\\/\\\/revistaidees.cat\\\/\",\"name\":\"IDEES\",\"description\":\"Revista de temas contempor\u00e1neos\",\"potentialAction\":[{\"@type\":\"SearchAction\",\"target\":{\"@type\":\"EntryPoint\",\"urlTemplate\":\"https:\\\/\\\/revistaidees.cat\\\/?s={search_term_string}\"},\"query-input\":{\"@type\":\"PropertyValueSpecification\",\"valueRequired\":true,\"valueName\":\"search_term_string\"}}],\"inLanguage\":\"es\"}]}<\/script>\n<!-- \/ Yoast SEO plugin. -->","yoast_head_json":{"title":"Suscr\u00edbete &#8211; IDEES","robots":{"index":"index","follow":"follow","max-snippet":"max-snippet:-1","max-image-preview":"max-image-preview:large","max-video-preview":"max-video-preview:-1"},"canonical":"https:\/\/revistaidees.cat\/es\/subscriu-te\/","og_locale":"es_ES","og_type":"article","og_title":"Suscr\u00edbete &#8211; IDEES","og_description":"NOMBRE APELLIDOS CORREO ELECTR\u00d3NICO ORGANIZACI\u00d3N (opcional) Tratamiento de los datos:\u00a0El responsable del tratamiento de los datos es el Centro de Estudios de Temas Contempor\u00e1neos, unidad del Departamento de Acci\u00f3n Exterior, Relaciones Institucionales y Transparencia de la Generalitat de Catalunya. Finalidad:\u00a0Gesti\u00f3n de los contactos para la difusi\u00f3n y promoci\u00f3n de los contenidos y actividades del Centro de Estudis de Temas Contempor\u00e1neos. Los usos previstos son los derivados de la difusi\u00f3n de los contenidos de la revista IDEES y sus diferentes ediciones monogr\u00e1ficas, as\u00ed como novedades informativas, promoci\u00f3n y difusi\u00f3n de jornadas, ponencias, conferencias, publicaciones y cualquier otro acto o actividad organizada\u2026","og_url":"https:\/\/revistaidees.cat\/es\/subscriu-te\/","og_site_name":"IDEES","article_modified_time":"2024-08-01T12:18:30+00:00","twitter_card":"summary_large_image","twitter_misc":{"Tiempo de lectura":"2 minutos"},"schema":{"@context":"https:\/\/schema.org","@graph":[{"@type":"WebPage","@id":"https:\/\/revistaidees.cat\/es\/subscriu-te\/","url":"https:\/\/revistaidees.cat\/es\/subscriu-te\/","name":"Suscr\u00edbete &#8211; IDEES","isPartOf":{"@id":"https:\/\/revistaidees.cat\/#website"},"datePublished":"2020-06-12T17:05:14+00:00","dateModified":"2024-08-01T12:18:30+00:00","breadcrumb":{"@id":"https:\/\/revistaidees.cat\/es\/subscriu-te\/#breadcrumb"},"inLanguage":"es","potentialAction":[{"@type":"ReadAction","target":["https:\/\/revistaidees.cat\/es\/subscriu-te\/"]}]},{"@type":"BreadcrumbList","@id":"https:\/\/revistaidees.cat\/es\/subscriu-te\/#breadcrumb","itemListElement":[{"@type":"ListItem","position":1,"name":"Inici","item":"https:\/\/revistaidees.cat\/es\/"},{"@type":"ListItem","position":2,"name":"Suscr\u00edbete"}]},{"@type":"WebSite","@id":"https:\/\/revistaidees.cat\/#website","url":"https:\/\/revistaidees.cat\/","name":"IDEES","description":"Revista de temas contempor\u00e1neos","potentialAction":[{"@type":"SearchAction","target":{"@type":"EntryPoint","urlTemplate":"https:\/\/revistaidees.cat\/?s={search_term_string}"},"query-input":{"@type":"PropertyValueSpecification","valueRequired":true,"valueName":"search_term_string"}}],"inLanguage":"es"}]}},"jetpack_sharing_enabled":true,"_links":{"self":[{"href":"https:\/\/revistaidees.cat\/es\/wp-json\/wp\/v2\/pages\/16052","targetHints":{"allow":["GET"]}}],"collection":[{"href":"https:\/\/revistaidees.cat\/es\/wp-json\/wp\/v2\/pages"}],"about":[{"href":"https:\/\/revistaidees.cat\/es\/wp-json\/wp\/v2\/types\/page"}],"author":[{"embeddable":true,"href":"https:\/\/revistaidees.cat\/es\/wp-json\/wp\/v2\/users\/2"}],"replies":[{"embeddable":true,"href":"https:\/\/revistaidees.cat\/es\/wp-json\/wp\/v2\/comments?post=16052"}],"version-history":[{"count":4,"href":"https:\/\/revistaidees.cat\/es\/wp-json\/wp\/v2\/pages\/16052\/revisions"}],"predecessor-version":[{"id":76546,"href":"https:\/\/revistaidees.cat\/es\/wp-json\/wp\/v2\/pages\/16052\/revisions\/76546"}],"wp:attachment":[{"href":"https:\/\/revistaidees.cat\/es\/wp-json\/wp\/v2\/media?parent=16052"}],"curies":[{"name":"wp","href":"https:\/\/api.w.org\/{rel}","templated":true}]}}