{"id":65838,"date":"2023-12-14T18:05:59","date_gmt":"2023-12-14T16:05:59","guid":{"rendered":"https:\/\/revistaidees.cat\/?page_id=65838"},"modified":"2023-12-14T18:06:10","modified_gmt":"2023-12-14T16:06:10","slug":"politica-de-cookies-de-la-web","status":"publish","type":"page","link":"https:\/\/revistaidees.cat\/es\/politica-de-cookies-de-la-web\/","title":{"rendered":"Pol\u00edtica de cookies de la web"},"content":{"rendered":"<table>\n<tr>\n<td style=\"padding-right: 50px;\" width=\"900\">\n\n\n<p>La web revistaidees.cat utiliza cookies para funcionar. Navegar por esta web con las cookies activadas en el navegador comporta de forma imprescindible la aceptaci\u00f3n del uso, como m\u00ednimo, de las cookies necesarias conforme a la normativa actual.<\/p>\n\n\n\n<p>Seg\u00fan la normativa europea, es necesario informar de las cookies necesarias y en cuanto a las de preferencias y estad\u00edsticas, es necesario pedir el consentimiento para que el usuario las acepte o las rechace.<\/p>\n\n\n<\/td>\n<td>\n\n\n<table border=1 cellpadding=\"20\">\n<tr>\n<td>\n<h3>Normativa<\/h3>\n<hr>\n\n\n<ul class=\"wp-block-list\">\n<li><b><a target=\"_blank\" href=\"https:\/\/www.boe.es\/buscar\/doc.php?lang=es&amp;id=DOUE-L-2016-80807\" rel=\"noreferrer noopener\">Reglamento (UE) 2016\/679&nbsp;<\/a><\/b> relativo a la protecci\u00f3n de las personas f\u00edsicas en lo que respecta al tratamiento de datos personales ya la libre circulaci\u00f3n de estos datos.<\/li>\n<\/td>\n<\/tr>\n<\/table>\n<\/td>\n<\/tr>\n<\/table>\n<\/ul>\n\n\n\n<p>La web revistaidees.cat tiene 12 galletas, estructuradas en funci\u00f3n de si son:<\/p>\n\n\n\n<ul class=\"wp-block-list\">\n<li>Necesarias<\/li>\n\n\n\n<li>Estad\u00edsticas o de optimizaci\u00f3n<\/li>\n\n\n\n<li>De marketing<\/li>\n<\/ul>\n\n\n\n<p><\/p>\n\n\n\n<h2 class=\"wp-block-heading\">\u00bfQu\u00e9 son?<\/h2>\n\n\n\n<p>Las cookies son archivos que se descargan en tu dispositivo al acceder a determinadas p\u00e1ginas web y permiten a la p\u00e1gina web, entre otras cosas, almacenar y recuperar informaci\u00f3n sobre los h\u00e1bitos de navegaci\u00f3n de una persona usuaria o de su equipo y, dependiendo de la informaci\u00f3n que contengan y de la forma que qu\u00e9 utilice su equipo, pueden utilizarse para reconocer al usuario.<\/p>\n\n\n\n<p><\/p>\n\n\n\n<h2 class=\"wp-block-heading\">\u00bfC\u00f3mo funcionan y para qu\u00e9 sirven?<\/h2>\n\n\n\n<p><strong>Forman parte de la mayor\u00eda de webs<\/strong>. Cuando se accede a una web que utiliza cookies, la web hace que el navegador cree en su equipo (ordenador, tableta, tel\u00e9fono, etc.) peque\u00f1os archivos con informaci\u00f3n necesaria para el funcionamiento de la web. Estos archivos (que son las cookies propiamente dichas) forman parte de la tecnolog\u00eda necesaria para el correcto funcionamiento del sitio web y no son inherentemente perjudiciales.<\/p>\n\n\n\n<p>El <strong>historial de navegaci\u00f3n y las cookies se almacenan en tu equipo<\/strong>. Las cookies, de forma similar al historial de navegaci\u00f3n o memoria cach\u00e9 del navegador, son un rastro de tu actividad en Internet. Esto puede ser importante si otras personas pueden acceder a tu equipo. En caso de que est\u00e9s utilizando un equipo compartido, se recomienda que al terminar borres la informaci\u00f3n sobre tu historial de navegaci\u00f3n, cach\u00e9 y cookies. Si no sabes c\u00f3mo hacerlo, consulta el apartado de ayuda del navegador.<\/p>\n\n\n\n<p><strong>Puedes desactivar las cookies<\/strong>, pero algunas webs no funcionar\u00e1n correctamente. Si te preocupa tu privacidad, puedes desactivar completamente el uso de cookies en el banner de configuraci\u00f3n de cookies que aparece en la parte superior de la web. Al hacerlo, es posible que algunas partes de la web no funcionen correctamente.<\/p>\n\n\n\n<p><\/p>\n\n\n\n<h2 class=\"wp-block-heading\">Cookies necesarias<\/h2>\n\n\n\n<p>Ayudan a que la p\u00e1gina web se pueda utilizar, ya que activan funciones b\u00e1sicas como la navegaci\u00f3n, el acceso a \u00e1reas seguras. La web no puede funcionar adecuadamente sin estas cookies.<\/p>\n\n\n\n<p id=\"descripciotaula\">La web revistaidees.cat recoge&nbsp;<strong>2 cookies necesarias<\/strong>&nbsp;para funcionar correctamente, principalmente de Algolia, Sitemiprovee el gestor de contenidos.<\/p>\n\n\n\n<figure class=\"wp-block-table\"><table><thead><tr><th>Tipo<\/th><th>Galeta<\/th><th>Duraci\u00f3n<\/th><th>Uso< \/th><th>D\u00f3nde se env\u00edan los datos<\/th><th>Pol\u00edtica<\/th><\/tr><\/thead><tbody><tr><td>An\u00e1lisis<\/td><td>rc ::a<\/td><td>Persistente<\/td><td>Para distinguir entre humanos y botes.<\/td><td>Estados Unidos<\/td><td><a href=\"https:\/\/ policies.google.com\/technologies\/cookies?hl=es#types-of-cookies\" target=\"_blank\" rel=\"noreferrer noopener\">Google<\/a><\/td><\/tr><tr><td >An\u00e1lisis<\/td><td>rc::c<\/td><td>Sesi\u00f3n<\/td><td>Para distinguir entre humanos y botes.<\/td><td>Estados Unidos<\/td><td ><a href=\"https:\/\/policies.google.com\/technologies\/cookies?hl=es#types-of-cookies\" target=\"_blank\" rel=\"noreferrer noopener\">Google<\/a><\/td ><\/tr><\/tbody><\/table><\/figure>\n\n\n\n<p><\/p>\n\n\n\n<h2 class=\"wp-block-heading\">Galetas estad\u00edsticas o de optimizaci\u00f3n<\/h2>\n\n\n\n<p>Ayudan a los propietarios de p\u00e1ginas web a comprender c\u00f3mo interact\u00faan los visitantes con las p\u00e1ginas web reuniendo y proporcionando informaci\u00f3n de forma an\u00f3nima.<\/p>\n\n\n\n<p id=\"descripciotaula\">La web revistaidees.cat recoge&nbsp;<strong>6 cookies estad\u00edsticas<\/strong>, principalmente de Google Analytics, Siteimprove, Inbenta y el gestor de contenidos.<\/p>\n\n\n\n<figure class=\"wp-block-table\"><table><thead><tr><th>Tipo<\/th><th>Galeta<\/th><th>Duraci\u00f3n<\/th><th>Uso< \/th><th>D\u00f3nde se env\u00edan los datos<\/th><th>Pol\u00edtica<\/th><\/tr><\/thead><tbody><tr><td>Anal\u00edtica<\/td><td>_ga <\/td><td>2 a\u00f1os<\/td><td>Registra una identificaci\u00f3n que se utiliza para generar datos estad\u00edsticos sobre c\u00f3mo el visitante utiliza la web.<\/td><td>Estados Unidos<\/td><td ><a href=\"https:\/\/developers.google.com\/analytics\/devguides\/collection\/analyticsjs\/cookie-usage\" target=\"_blank\" rel=\"noreferrer noopener\">Google Analytics<\/a><\/td> <\/tr><tr><td>Anal\u00edtica<\/td><td>_ga#<\/td><td>2 a\u00f1os<\/td><td>Recopila datos sobre el n\u00famero de veces que el usuario ha visitado el web adem\u00e1s de los datos de la primera visita y la m\u00e1s reciente.<\/td><td>Estados Unidos<\/td><td><a href=\"https:\/\/developers.google.com\/analytics\/devguides\/ collection\/analyticsjs\/cookie-usage\" target=\"_blank\" rel=\"noreferrer noopener\">Google Analytics<\/a><\/td><\/tr><tr><td>Anal\u00edtica<\/td><td>_gat< \/td><td>1 d\u00eda<\/td><td>Para limitar el porcentaje de solicitudes.<\/td><td>Estados Unidos<\/td><td><a href=\"https:\/\/developers .google.com\/analytics\/devguides\/collection\/analyticsjs\/cookie-usage\" target=\"_blank\" rel=\"noreferrer noopener\">Google Analytics<\/a><\/td><\/tr><tr><td>Anal\u00edtica <\/td><td>_gid<\/td><td>1 d\u00eda<\/td><td>Registra una identificaci\u00f3n \u00fanica para generar datos estad\u00edsticos sobre c\u00f3mo utiliza el visitante la web.<\/td><td>Estados Unidos< \/td><td><a href=\"https:\/\/developers.google.com\/analytics\/devguides\/collection\/analyticsjs\/cookie-usage\" target=\"_blank\" rel=\"noreferrer noopener\">Google Analytics<\/a ><\/td><\/tr><tr><td>Anal\u00edtica<\/td><td>_gat_UA-*<\/td><td>1 minuto<\/td><td>Google Analytics establece esta cookie para su seguimiento del comportamiento de los usuarios.<\/td><td>Estados Unidos<\/td><td><a href=\"https:\/\/developers.google.com\/analytics\/devguides\/collection\/analyticsjs\/cookie-usage\" target=\"_blank\" rel=\"noreferrer noopener\">Google Analytics<\/a><\/td><\/tr><tr><td>Anal\u00edtica<\/td><td>CONSENT<\/td><td>2 a\u00f1os<\/ td><td>YouTube establece esta cookie mediante v\u00eddeos de YouTube incrustados y registra datos estad\u00edsticos an\u00f3nimos.<\/td><td>Estados Unidos<\/td><td><a href=\"https:\/\/policies.google.com \/technologies\/cookies\" target=\"_blank\" rel=\"noreferrer noopener\">Youtube<\/a><\/td><\/tr><\/tbody><\/table><\/figure>\n\n\n\n<p><\/p>\n\n\n\n<h2 class=\"wp-block-heading\">Galetas de marketing<\/h2>\n\n\n\n<p>Se utilizan para rastrear a los visitantes en las p\u00e1ginas web. La intenci\u00f3n es mostrar anuncios relevantes y atractivos para el usuario individual, y por tanto, m\u00e1s valiosos para los editores y terceros anunciantes.<\/p>\n\n\n\n<p id=\"descripciotaula\">La web revistaidees.cat recoge&nbsp;<strong>4 cookies de publicidad<\/strong>&nbsp;principalmente de YouTube.<\/p>\n\n\n\n<figure class=\"wp-block-table\"><table><thead><tr><th>Tipo<\/th><th>Galeta<\/th><th>Duraci\u00f3n<\/th><th>Uso< \/th><th>D\u00f3nde se env\u00edan los datos<\/th><th>Pol\u00edtica<\/th><\/tr><\/thead><tbody><tr><td>Publicidad<\/td><td>guest_id <\/td><td>1 a\u00f1o<\/td><td>Twitter configura esta cookie para identificar y realizar un seguimiento del visitante del sitio web. Se registra si un usuario ha iniciado sesi\u00f3n en la plataforma de Twitter y recopila informaci\u00f3n sobre las preferencias de anuncios.<\/td><td>Estados Unidos<\/td><td><a href=\"https:\/\/policies. google.com\/technologies\/cookies?hl=en-US\" target=\"_blank\" rel=\"noreferrer noopener\">Twitter<\/a><\/td><\/tr><tr><td>Publicidad<\/td> <td>YSC<\/td><td>Sesi\u00f3n<\/td><td>Youtube establece esta cookie para realizar un seguimiento de las visualizaciones de los v\u00eddeos incrustados en las p\u00e1ginas de Youtube.<\/td><td>Estados Unidos<\/ td><td><a href=\"https:\/\/policies.google.com\/technologies\/cookies?hl=en-US\" target=\"_blank\" rel=\"noreferrer noopener\">Youtube<\/a><\/td ><\/tr><tr><td>Publicidad<\/td><td>VISITOR_INFO1_LIVE<\/td><td>6 meses<\/td><td>YouTube configura esta cookie para medir el ancho de banda, determinando si el usuario obtiene la interfaz del reproductor nueva o antigua.<\/td><td>Estados Unidos<\/td><td><a href=\"https:\/\/policies.google.com\/technologies\/cookies?hl=en -US\" target=\"_blank\" rel=\"noreferrer noopener\">Youtube<\/a><\/td><\/tr><tr><td>Publicidad<\/td><td>VISITOR_PRIVACY_METADATA<\/td><td> 6 meses<\/td><td>YouTube configura esta cookie para medir el ancho de banda, determinando si el usuario obtiene la interfaz del reproductor nueva o antigua.<\/td><td>Estados Unidos<\/td><td ><a href=\"https:\/\/policies.google.com\/technologies\/cookies?hl=en-US\" target=\"_blank\" rel=\"noreferrer noopener\">Youtube<\/a><\/td><\/tr ><\/tbody><\/table><\/figure>\n","protected":false},"excerpt":{"rendered":"<p>La web revistaidees.cat utiliza cookies para funcionar. Navegar por esta web con las cookies activadas en el navegador comporta de forma imprescindible la aceptaci\u00f3n del uso, como m\u00ednimo, de las cookies necesarias conforme a la normativa actual. Seg\u00fan la normativa europea, es necesario informar de las cookies necesarias y en cuanto a las de preferencias y estad\u00edsticas, es necesario pedir el consentimiento para que el usuario las acepte o las rechace. Normativa La web revistaidees.cat tiene 12 galletas, estructuradas en funci\u00f3n de si son: \u00bfQu\u00e9 son? Las cookies son archivos que se descargan en tu dispositivo al acceder a determinadas\u2026<\/p>\n","protected":false},"author":63,"featured_media":0,"parent":0,"menu_order":0,"comment_status":"closed","ping_status":"closed","template":"","meta":{"_acf_changed":false,"inline_featured_image":false,"footnotes":""},"class_list":["post-65838","page","type-page","status-publish","hentry"],"acf":[],"yoast_head":"<!-- This site is optimized with the Yoast SEO plugin v27.3 - https:\/\/yoast.com\/product\/yoast-seo-wordpress\/ -->\n<title>Pol\u00edtica de cookies de la web &#8211; IDEES<\/title>\n<meta name=\"robots\" content=\"index, follow, max-snippet:-1, max-image-preview:large, max-video-preview:-1\" \/>\n<link rel=\"canonical\" href=\"https:\/\/revistaidees.cat\/es\/politica-de-cookies-de-la-web\/\" \/>\n<meta property=\"og:locale\" content=\"es_ES\" \/>\n<meta property=\"og:type\" content=\"article\" \/>\n<meta property=\"og:title\" content=\"Pol\u00edtica de cookies de la web &#8211; IDEES\" \/>\n<meta property=\"og:description\" content=\"La web revistaidees.cat utiliza cookies para funcionar. Navegar por esta web con las cookies activadas en el navegador comporta de forma imprescindible la aceptaci\u00f3n del uso, como m\u00ednimo, de las cookies necesarias conforme a la normativa actual. Seg\u00fan la normativa europea, es necesario informar de las cookies necesarias y en cuanto a las de preferencias y estad\u00edsticas, es necesario pedir el consentimiento para que el usuario las acepte o las rechace. Normativa La web revistaidees.cat tiene 12 galletas, estructuradas en funci\u00f3n de si son: \u00bfQu\u00e9 son? Las cookies son archivos que se descargan en tu dispositivo al acceder a determinadas\u2026\" \/>\n<meta property=\"og:url\" content=\"https:\/\/revistaidees.cat\/es\/politica-de-cookies-de-la-web\/\" \/>\n<meta property=\"og:site_name\" content=\"IDEES\" \/>\n<meta property=\"article:modified_time\" content=\"2023-12-14T16:06:10+00:00\" \/>\n<meta name=\"twitter:card\" content=\"summary_large_image\" \/>\n<meta name=\"twitter:label1\" content=\"Tiempo de lectura\" \/>\n\t<meta name=\"twitter:data1\" content=\"5 minutos\" \/>\n<script type=\"application\/ld+json\" class=\"yoast-schema-graph\">{\"@context\":\"https:\\\/\\\/schema.org\",\"@graph\":[{\"@type\":\"WebPage\",\"@id\":\"https:\\\/\\\/revistaidees.cat\\\/es\\\/politica-de-cookies-de-la-web\\\/\",\"url\":\"https:\\\/\\\/revistaidees.cat\\\/es\\\/politica-de-cookies-de-la-web\\\/\",\"name\":\"Pol\u00edtica de cookies de la web &#8211; IDEES\",\"isPartOf\":{\"@id\":\"https:\\\/\\\/revistaidees.cat\\\/#website\"},\"datePublished\":\"2023-12-14T16:05:59+00:00\",\"dateModified\":\"2023-12-14T16:06:10+00:00\",\"breadcrumb\":{\"@id\":\"https:\\\/\\\/revistaidees.cat\\\/es\\\/politica-de-cookies-de-la-web\\\/#breadcrumb\"},\"inLanguage\":\"es\",\"potentialAction\":[{\"@type\":\"ReadAction\",\"target\":[\"https:\\\/\\\/revistaidees.cat\\\/es\\\/politica-de-cookies-de-la-web\\\/\"]}]},{\"@type\":\"BreadcrumbList\",\"@id\":\"https:\\\/\\\/revistaidees.cat\\\/es\\\/politica-de-cookies-de-la-web\\\/#breadcrumb\",\"itemListElement\":[{\"@type\":\"ListItem\",\"position\":1,\"name\":\"Inici\",\"item\":\"https:\\\/\\\/revistaidees.cat\\\/es\\\/\"},{\"@type\":\"ListItem\",\"position\":2,\"name\":\"Pol\u00edtica de cookies de la web\"}]},{\"@type\":\"WebSite\",\"@id\":\"https:\\\/\\\/revistaidees.cat\\\/#website\",\"url\":\"https:\\\/\\\/revistaidees.cat\\\/\",\"name\":\"IDEES\",\"description\":\"Revista de temas contempor\u00e1neos\",\"potentialAction\":[{\"@type\":\"SearchAction\",\"target\":{\"@type\":\"EntryPoint\",\"urlTemplate\":\"https:\\\/\\\/revistaidees.cat\\\/?s={search_term_string}\"},\"query-input\":{\"@type\":\"PropertyValueSpecification\",\"valueRequired\":true,\"valueName\":\"search_term_string\"}}],\"inLanguage\":\"es\"}]}<\/script>\n<!-- \/ Yoast SEO plugin. -->","yoast_head_json":{"title":"Pol\u00edtica de cookies de la web &#8211; IDEES","robots":{"index":"index","follow":"follow","max-snippet":"max-snippet:-1","max-image-preview":"max-image-preview:large","max-video-preview":"max-video-preview:-1"},"canonical":"https:\/\/revistaidees.cat\/es\/politica-de-cookies-de-la-web\/","og_locale":"es_ES","og_type":"article","og_title":"Pol\u00edtica de cookies de la web &#8211; IDEES","og_description":"La web revistaidees.cat utiliza cookies para funcionar. Navegar por esta web con las cookies activadas en el navegador comporta de forma imprescindible la aceptaci\u00f3n del uso, como m\u00ednimo, de las cookies necesarias conforme a la normativa actual. Seg\u00fan la normativa europea, es necesario informar de las cookies necesarias y en cuanto a las de preferencias y estad\u00edsticas, es necesario pedir el consentimiento para que el usuario las acepte o las rechace. Normativa La web revistaidees.cat tiene 12 galletas, estructuradas en funci\u00f3n de si son: \u00bfQu\u00e9 son? Las cookies son archivos que se descargan en tu dispositivo al acceder a determinadas\u2026","og_url":"https:\/\/revistaidees.cat\/es\/politica-de-cookies-de-la-web\/","og_site_name":"IDEES","article_modified_time":"2023-12-14T16:06:10+00:00","twitter_card":"summary_large_image","twitter_misc":{"Tiempo de lectura":"5 minutos"},"schema":{"@context":"https:\/\/schema.org","@graph":[{"@type":"WebPage","@id":"https:\/\/revistaidees.cat\/es\/politica-de-cookies-de-la-web\/","url":"https:\/\/revistaidees.cat\/es\/politica-de-cookies-de-la-web\/","name":"Pol\u00edtica de cookies de la web &#8211; IDEES","isPartOf":{"@id":"https:\/\/revistaidees.cat\/#website"},"datePublished":"2023-12-14T16:05:59+00:00","dateModified":"2023-12-14T16:06:10+00:00","breadcrumb":{"@id":"https:\/\/revistaidees.cat\/es\/politica-de-cookies-de-la-web\/#breadcrumb"},"inLanguage":"es","potentialAction":[{"@type":"ReadAction","target":["https:\/\/revistaidees.cat\/es\/politica-de-cookies-de-la-web\/"]}]},{"@type":"BreadcrumbList","@id":"https:\/\/revistaidees.cat\/es\/politica-de-cookies-de-la-web\/#breadcrumb","itemListElement":[{"@type":"ListItem","position":1,"name":"Inici","item":"https:\/\/revistaidees.cat\/es\/"},{"@type":"ListItem","position":2,"name":"Pol\u00edtica de cookies de la web"}]},{"@type":"WebSite","@id":"https:\/\/revistaidees.cat\/#website","url":"https:\/\/revistaidees.cat\/","name":"IDEES","description":"Revista de temas contempor\u00e1neos","potentialAction":[{"@type":"SearchAction","target":{"@type":"EntryPoint","urlTemplate":"https:\/\/revistaidees.cat\/?s={search_term_string}"},"query-input":{"@type":"PropertyValueSpecification","valueRequired":true,"valueName":"search_term_string"}}],"inLanguage":"es"}]}},"jetpack_sharing_enabled":true,"_links":{"self":[{"href":"https:\/\/revistaidees.cat\/es\/wp-json\/wp\/v2\/pages\/65838","targetHints":{"allow":["GET"]}}],"collection":[{"href":"https:\/\/revistaidees.cat\/es\/wp-json\/wp\/v2\/pages"}],"about":[{"href":"https:\/\/revistaidees.cat\/es\/wp-json\/wp\/v2\/types\/page"}],"author":[{"embeddable":true,"href":"https:\/\/revistaidees.cat\/es\/wp-json\/wp\/v2\/users\/63"}],"replies":[{"embeddable":true,"href":"https:\/\/revistaidees.cat\/es\/wp-json\/wp\/v2\/comments?post=65838"}],"version-history":[{"count":5,"href":"https:\/\/revistaidees.cat\/es\/wp-json\/wp\/v2\/pages\/65838\/revisions"}],"predecessor-version":[{"id":65848,"href":"https:\/\/revistaidees.cat\/es\/wp-json\/wp\/v2\/pages\/65838\/revisions\/65848"}],"wp:attachment":[{"href":"https:\/\/revistaidees.cat\/es\/wp-json\/wp\/v2\/media?parent=65838"}],"curies":[{"name":"wp","href":"https:\/\/api.w.org\/{rel}","templated":true}]}}